{"id":6,"date":"2023-09-11T16:24:46","date_gmt":"2023-09-11T19:24:46","guid":{"rendered":"http:\/\/eteccruzeiro.educacao.ws\/?page_id=6"},"modified":"2024-09-11T17:35:05","modified_gmt":"2024-09-11T20:35:05","slug":"pagina-inicial","status":"publish","type":"page","link":"http:\/\/eteccruzeiro.educacao.ws\/","title":{"rendered":"P\u00e1gina Inicial"},"content":{"rendered":"\n<div class=\"wp-block-cover alignfull is-light\" style=\"min-height:700px;aspect-ratio:unset;\"><span aria-hidden=\"true\" class=\"wp-block-cover__background has-background-dim-30 has-background-dim\"><\/span><img decoding=\"async\" class=\"wp-block-cover__image-background\" alt=\"\" src=\"http:\/\/eteccruzeiro.educacao.ws\/wp-content\/themes\/neve\/assets\/img\/starter-content\/hero.jpg\" style=\"object-position:50% 64%\" data-object-fit=\"cover\" data-object-position=\"50% 64%\"\/><div class=\"wp-block-cover__inner-container is-layout-flow wp-block-cover-is-layout-flow\">\n<div style=\"height:80px\" aria-hidden=\"true\" class=\"wp-block-spacer\"><\/div>\n\n\n\n<h1 class=\"wp-block-heading has-text-align-center has-nv-c-1-color has-text-color\"><\/h1>\n\n\n\n<p class=\"has-text-align-center has-text-color\" style=\"color:#121212;font-size:17px\"><\/p>\n\n\n\n<div class=\"wp-block-buttons is-content-justification-center is-layout-flex wp-container-core-buttons-is-layout-16018d1d wp-block-buttons-is-layout-flex\">\n<div class=\"wp-block-button is-style-secondary\"><a class=\"wp-block-button__link wp-element-button\" href=\"http:\/\/eteccruzeiro.educacao.ws\/?page_id=9\">SOBRE N\u00d3S<\/a><\/div>\n\n\n\n<div class=\"wp-block-button is-style-secondary\"><a class=\"wp-block-button__link wp-element-button\" href=\"http:\/\/eteccruzeiro.educacao.ws\/?page_id=7\">NOSSOS CURSOS<\/a><\/div>\n<\/div>\n\n\n\n<div style=\"height:80px\" aria-hidden=\"true\" class=\"wp-block-spacer\"><\/div>\n\n\n\n<div style=\"height:80px\" aria-hidden=\"true\" class=\"wp-block-spacer\"><\/div>\n\n\n\n<p><\/p>\n<\/div><\/div>\n\n\n\n<div style=\"height:80px\" aria-hidden=\"true\" class=\"wp-block-spacer\"><\/div>\n\n\n\n<div class=\"wp-block-columns is-layout-flex wp-container-core-columns-is-layout-9d6595d7 wp-block-columns-is-layout-flex\">\n<div class=\"wp-block-column is-layout-flow wp-block-column-is-layout-flow\"><div class=\"wp-block-image icon-style is-style-default\">\n<figure class=\"aligncenter is-resized\"><img decoding=\"async\" src=\"http:\/\/eteccruzeiro.educacao.ws\/wp-content\/themes\/neve\/assets\/img\/starter-content\/icon-03.svg\" alt=\"\" style=\"width:48px;height:48px\"\/><\/figure>\n<\/div>\n\n\n<div style=\"height:20px\" aria-hidden=\"true\" class=\"wp-block-spacer\"><\/div>\n\n\n\n<h3 class=\"wp-block-heading has-text-align-center has-neve-text-color-color has-text-color\">Cursos T\u00e9cnicos Gratuitos<\/h3>\n\n\n\n<p class=\"has-text-align-center\">Nossos cursos s\u00e3o gratuitos e de qualidade! Somos refer\u00eancia na cidade e regi\u00e3o! Conhe\u00e7a as diversas \u00e1reas que atuamos e escolha o seu!<\/p>\n\n\n\n<div style=\"height:20px\" aria-hidden=\"true\" class=\"wp-block-spacer\"><\/div>\n<\/div>\n\n\n\n<div class=\"wp-block-column is-layout-flow wp-block-column-is-layout-flow\"><div class=\"wp-block-image icon-style is-style-default\">\n<figure class=\"aligncenter is-resized\"><img decoding=\"async\" src=\"http:\/\/eteccruzeiro.educacao.ws\/wp-content\/themes\/neve\/assets\/img\/starter-content\/icon-02.svg\" alt=\"\" style=\"width:48px;height:48px\"\/><\/figure>\n<\/div>\n\n\n<div style=\"height:20px\" aria-hidden=\"true\" class=\"wp-block-spacer\"><\/div>\n\n\n\n<h3 class=\"wp-block-heading has-text-align-center has-neve-text-color-color has-text-color\">Professores Especializados<\/h3>\n\n\n\n<p class=\"has-text-align-center\">Nosso corpo docente \u00e9 formado por especialistas, mestres e doutores! Todos com grande experi\u00eancia e viv\u00eancia no ensino.<\/p>\n\n\n\n<div style=\"height:20px\" aria-hidden=\"true\" class=\"wp-block-spacer\"><\/div>\n<\/div>\n\n\n\n<div class=\"wp-block-column is-layout-flow wp-block-column-is-layout-flow\"><div class=\"wp-block-image icon-style is-style-rounded\">\n<figure class=\"aligncenter is-resized\"><img decoding=\"async\" src=\"http:\/\/eteccruzeiro.educacao.ws\/wp-content\/themes\/neve\/assets\/img\/starter-content\/icon-01.svg\" alt=\"\" style=\"width:48px;height:48px\"\/><\/figure>\n<\/div>\n\n\n<div style=\"height:20px\" aria-hidden=\"true\" class=\"wp-block-spacer\"><\/div>\n\n\n\n<h3 class=\"wp-block-heading has-text-align-center has-neve-text-color-color has-text-color\">Nossa Escola e o Mercado de Trabalho<\/h3>\n\n\n\n<p class=\"has-text-align-center\">Temos diversas vagas de est\u00e1gio e jovem aprendiz! Al\u00e9m de uma vasta oferta de empregos aos nossos alunos! Certificado reconhecido nacionalmente!<\/p>\n\n\n\n<div style=\"height:20px\" aria-hidden=\"true\" class=\"wp-block-spacer\"><\/div>\n<\/div>\n<\/div>\n\n\n\n<div style=\"height:80px\" aria-hidden=\"true\" class=\"wp-block-spacer\"><\/div>\n\n\n\n<div class=\"wp-block-cover alignfull\" style=\"min-height:600px;aspect-ratio:unset;\"><span aria-hidden=\"true\" class=\"wp-block-cover__background has-nv-c-2-background-color has-background-dim-100 has-background-dim\"><\/span><div class=\"wp-block-cover__inner-container is-layout-flow wp-block-cover-is-layout-flow\">\n<div class=\"wp-block-group\"><div class=\"wp-block-group__inner-container is-layout-flow wp-block-group-is-layout-flow\">\n<div style=\"height:80px\" aria-hidden=\"true\" class=\"wp-block-spacer\"><\/div>\n\n\n\n<div class=\"wp-block-columns are-vertically-aligned-center is-layout-flex wp-container-core-columns-is-layout-9d6595d7 wp-block-columns-is-layout-flex\">\n<div class=\"wp-block-column is-vertically-aligned-center is-layout-flow wp-block-column-is-layout-flow\" style=\"flex-basis:50%\">\n<figure class=\"wp-block-gallery has-nested-images columns-default is-cropped wp-block-gallery-1 is-layout-flex wp-block-gallery-is-layout-flex\">\n<figure class=\"wp-block-image size-large\"><img loading=\"lazy\" decoding=\"async\" width=\"1024\" height=\"1024\" data-id=\"45\" src=\"http:\/\/eteccruzeiro.educacao.ws\/wp-content\/uploads\/2023\/11\/conheca-1024x1024.png\" alt=\"\" class=\"wp-image-45\" srcset=\"http:\/\/eteccruzeiro.educacao.ws\/wp-content\/uploads\/2023\/11\/conheca-1024x1024.png 1024w, http:\/\/eteccruzeiro.educacao.ws\/wp-content\/uploads\/2023\/11\/conheca-300x300.png 300w, http:\/\/eteccruzeiro.educacao.ws\/wp-content\/uploads\/2023\/11\/conheca-150x150.png 150w, http:\/\/eteccruzeiro.educacao.ws\/wp-content\/uploads\/2023\/11\/conheca-768x768.png 768w, http:\/\/eteccruzeiro.educacao.ws\/wp-content\/uploads\/2023\/11\/conheca.png 1080w\" sizes=\"auto, (max-width: 1024px) 100vw, 1024px\" \/><\/figure>\n<\/figure>\n<\/div>\n\n\n\n<div class=\"wp-block-column is-vertically-aligned-center is-layout-flow wp-block-column-is-layout-flow\" style=\"flex-basis:50%\">\n<div style=\"height:20px\" aria-hidden=\"true\" class=\"wp-block-spacer\"><\/div>\n\n\n\n<h2 class=\"wp-block-heading has-text-align-left has-nv-site-bg-color has-text-color\">Nossos Cursos<\/h2>\n\n\n\n<p class=\"has-text-align-left has-nv-site-bg-color has-text-color\" style=\"font-size:17px\">Com nossos cursos, atendemos diversos eixos tecnol\u00f3gicos como: Gest\u00e3o e Neg\u00f3cios, Informa\u00e7\u00e3o e Comunica\u00e7\u00e3o, Infraestrutura, Ambiente e Sa\u00fade, Controle e Processos Industriais, Turismo, Hospitalidade e Lazer. Conhe\u00e7a todos os nossos cursos!<\/p>\n\n\n\n<div class=\"wp-block-buttons is-content-justification-left is-layout-flex wp-container-core-buttons-is-layout-fdcfc74e wp-block-buttons-is-layout-flex\">\n<div class=\"wp-block-button is-style-primary\"><a class=\"wp-block-button__link wp-element-button\" href=\"http:\/\/eteccruzeiro.educacao.ws\/?page_id=7\">SAIBA MAIS<\/a><\/div>\n<\/div>\n<\/div>\n<\/div>\n\n\n\n<div style=\"height:40px\" aria-hidden=\"true\" class=\"wp-block-spacer\"><\/div>\n<\/div><\/div>\n<\/div><\/div>\n\n\n\n<div class=\"wp-block-cover alignfull\" style=\"min-height:600px;aspect-ratio:unset;\"><span aria-hidden=\"true\" class=\"wp-block-cover__background has-nv-site-bg-background-color has-background-dim-100 has-background-dim\"><\/span><div class=\"wp-block-cover__inner-container is-layout-flow wp-block-cover-is-layout-flow\">\n<div class=\"wp-block-group\"><div class=\"wp-block-group__inner-container is-layout-flow wp-block-group-is-layout-flow\">\n<div style=\"height:80px\" aria-hidden=\"true\" class=\"wp-block-spacer\"><\/div>\n\n\n\n<div class=\"wp-block-columns are-vertically-aligned-center is-layout-flex wp-container-core-columns-is-layout-9d6595d7 wp-block-columns-is-layout-flex\">\n<div class=\"wp-block-column is-vertically-aligned-center is-layout-flow wp-block-column-is-layout-flow\" style=\"flex-basis:50%\">\n<h2 class=\"wp-block-heading has-text-align-left has-neve-text-color-color has-text-color\">Aulas Pr\u00e1ticas<\/h2>\n\n\n\n<p class=\"has-text-align-left has-neve-text-color-color has-text-color\" style=\"font-size:17px\">Nossa escola se preocupa com a forma\u00e7\u00e3o profissional de nossos alunos. Por isso, s\u00e3o in\u00fameras aulas pr\u00e1ticas com a finalidade de desenvolvermos cada vez mais a capacidade de todos! Estude conosco e conhe\u00e7a toda a estrutura dos nossos laborat\u00f3rios!<\/p>\n\n\n\n<p> de desenvolvermos cada vez <\/p>\n\n\n\n<p><\/p>\n\n\n\n<div style=\"height:40px\" aria-hidden=\"true\" class=\"wp-block-spacer\"><\/div>\n<\/div>\n\n\n\n<div class=\"wp-block-column is-vertically-aligned-center is-layout-flow wp-block-column-is-layout-flow\" style=\"flex-basis:50%\">\n<figure class=\"wp-block-image size-large\"><img loading=\"lazy\" decoding=\"async\" width=\"1024\" height=\"1024\" src=\"http:\/\/eteccruzeiro.educacao.ws\/wp-content\/uploads\/2023\/11\/conheca-1-1024x1024.png\" alt=\"\" class=\"wp-image-47\" srcset=\"http:\/\/eteccruzeiro.educacao.ws\/wp-content\/uploads\/2023\/11\/conheca-1-1024x1024.png 1024w, http:\/\/eteccruzeiro.educacao.ws\/wp-content\/uploads\/2023\/11\/conheca-1-300x300.png 300w, http:\/\/eteccruzeiro.educacao.ws\/wp-content\/uploads\/2023\/11\/conheca-1-150x150.png 150w, http:\/\/eteccruzeiro.educacao.ws\/wp-content\/uploads\/2023\/11\/conheca-1-768x768.png 768w, http:\/\/eteccruzeiro.educacao.ws\/wp-content\/uploads\/2023\/11\/conheca-1.png 1080w\" sizes=\"auto, (max-width: 1024px) 100vw, 1024px\" \/><\/figure>\n<\/div>\n<\/div>\n\n\n\n<div style=\"height:40px\" aria-hidden=\"true\" class=\"wp-block-spacer\"><\/div>\n<\/div><\/div>\n<\/div><\/div>\n\n\n\n<div class=\"wp-block-cover alignfull\" style=\"min-height:600px;aspect-ratio:unset;\"><span aria-hidden=\"true\" class=\"wp-block-cover__background has-nv-c-2-background-color has-background-dim-100 has-background-dim\"><\/span><div class=\"wp-block-cover__inner-container is-layout-flow wp-block-cover-is-layout-flow\">\n<div class=\"wp-block-group\"><div class=\"wp-block-group__inner-container is-layout-flow wp-block-group-is-layout-flow\">\n<div style=\"height:80px\" aria-hidden=\"true\" class=\"wp-block-spacer\"><\/div>\n\n\n\n<div class=\"wp-block-columns are-vertically-aligned-center is-layout-flex wp-container-core-columns-is-layout-9d6595d7 wp-block-columns-is-layout-flex\">\n<div class=\"wp-block-column is-vertically-aligned-center is-layout-flow wp-block-column-is-layout-flow\" style=\"flex-basis:50%\">\n<figure class=\"wp-block-image\"><img decoding=\"async\" src=\"http:\/\/eteccruzeiro.educacao.ws\/wp-content\/themes\/neve\/assets\/img\/starter-content\/card-03.jpg\" alt=\"\"\/><\/figure>\n<\/div>\n\n\n\n<div class=\"wp-block-column is-vertically-aligned-center is-layout-flow wp-block-column-is-layout-flow\" style=\"flex-basis:50%\">\n<div style=\"height:40px\" aria-hidden=\"true\" class=\"wp-block-spacer\"><\/div>\n\n\n\n<h2 class=\"wp-block-heading has-text-align-left has-nv-text-dark-bg-color has-text-color\">Est\u00e1gios e Jovem Aprendiz<\/h2>\n\n\n\n<p class=\"has-text-align-left has-nv-text-dark-bg-color has-text-color\" style=\"font-size:17px\">Atualmente, diversos dos nossos alunos est\u00e3o atuando no mercado de trabalho. Temos parcerias de d\u00e9cadas com empresas da cidade e regi\u00e3o que mantamos solidez nas ofertas de est\u00e1gio. Sabemos o qu\u00e3o importante \u00e9 para o aluno adentrar no mercado, e por isso trabalhamos frequentemente para mantermos e aumentarmos as vagas.<\/p>\n\n\n\n<div class=\"wp-block-buttons is-content-justification-left is-layout-flex wp-container-core-buttons-is-layout-fdcfc74e wp-block-buttons-is-layout-flex\">\n<div class=\"wp-block-button is-style-primary\"><a class=\"wp-block-button__link wp-element-button\" href=\"#\">SAIBA MAIS<\/a><\/div>\n<\/div>\n<\/div>\n<\/div>\n\n\n\n<div style=\"height:40px\" aria-hidden=\"true\" class=\"wp-block-spacer\"><\/div>\n<\/div><\/div>\n<\/div><\/div>\n\n\n\n<div style=\"height:40px\" aria-hidden=\"true\" class=\"wp-block-spacer\"><\/div>\n\n\n\n<div class=\"wp-block-cover alignfull\" style=\"min-height:600px;aspect-ratio:unset;\"><span aria-hidden=\"true\" class=\"wp-block-cover__background has-nv-site-bg-background-color has-background-dim-100 has-background-dim\"><\/span><div class=\"wp-block-cover__inner-container is-layout-flow wp-block-cover-is-layout-flow\">\n<div class=\"wp-block-group\"><div class=\"wp-block-group__inner-container is-layout-flow wp-block-group-is-layout-flow\">\n<div style=\"height:80px\" aria-hidden=\"true\" class=\"wp-block-spacer\"><\/div>\n\n\n\n<h2 class=\"wp-block-heading has-neve-text-color-color has-text-color\">Eventos<\/h2>\n\n\n\n<p class=\"has-nv-dark-bg-color has-text-color has-link-color wp-elements-595e258ca332bda73b6526aa451a3cd0\">Dentre diversos eventos que ocorrem em nossa escola, destacamos a tradicional Expotin e o recente criado Startec. A Expotin apresenta projetos diversos de todos os cursos e demonstra tudo que nossa escola produz. Em 2022 foi realizada a 16\u00aa edi\u00e7\u00e3o e j\u00e1 estamos previstos para a pr\u00f3xima em 2024. J\u00e1 o Startec, nossos alunos apresentam ideias de projetos, dos quais s\u00e3o avaliados por especialistas e em seguida desenvolvidos de acordo com a organiza\u00e7\u00e3o dos grupos. Em 2023 foi realizada a 2\u00aa edi\u00e7\u00e3o e retornar\u00e1 em 2025.<\/p>\n\n\n\n<div style=\"height:20px\" aria-hidden=\"true\" class=\"wp-block-spacer\"><\/div>\n\n\n\n<div class=\"wp-block-columns are-vertically-aligned-center is-layout-flex wp-container-core-columns-is-layout-9d6595d7 wp-block-columns-is-layout-flex\">\n<div class=\"wp-block-column is-vertically-aligned-center is-layout-flow wp-block-column-is-layout-flow\" style=\"flex-basis:50%\">\n<figure class=\"wp-block-image size-large\"><img loading=\"lazy\" decoding=\"async\" width=\"1024\" height=\"334\" src=\"http:\/\/eteccruzeiro.educacao.ws\/wp-content\/uploads\/2023\/11\/expotin-1024x334.png\" alt=\"\" class=\"wp-image-71\" srcset=\"http:\/\/eteccruzeiro.educacao.ws\/wp-content\/uploads\/2023\/11\/expotin-1024x334.png 1024w, http:\/\/eteccruzeiro.educacao.ws\/wp-content\/uploads\/2023\/11\/expotin-300x98.png 300w, http:\/\/eteccruzeiro.educacao.ws\/wp-content\/uploads\/2023\/11\/expotin-768x251.png 768w, http:\/\/eteccruzeiro.educacao.ws\/wp-content\/uploads\/2023\/11\/expotin-1536x501.png 1536w, http:\/\/eteccruzeiro.educacao.ws\/wp-content\/uploads\/2023\/11\/expotin-2048x668.png 2048w\" sizes=\"auto, (max-width: 1024px) 100vw, 1024px\" \/><\/figure>\n\n\n\n<div style=\"height:40px\" aria-hidden=\"true\" class=\"wp-block-spacer\"><\/div>\n<\/div>\n\n\n\n<div class=\"wp-block-column is-vertically-aligned-center is-layout-flow wp-block-column-is-layout-flow\" style=\"flex-basis:50%\">\n<figure class=\"wp-block-image size-full\"><img loading=\"lazy\" decoding=\"async\" width=\"391\" height=\"371\" src=\"http:\/\/eteccruzeiro.educacao.ws\/wp-content\/uploads\/2023\/11\/StartecLogo.png\" alt=\"\" class=\"wp-image-72\" srcset=\"http:\/\/eteccruzeiro.educacao.ws\/wp-content\/uploads\/2023\/11\/StartecLogo.png 391w, http:\/\/eteccruzeiro.educacao.ws\/wp-content\/uploads\/2023\/11\/StartecLogo-300x285.png 300w\" sizes=\"auto, (max-width: 391px) 100vw, 391px\" \/><\/figure>\n\n\n\n<div style=\"height:40px\" aria-hidden=\"true\" class=\"wp-block-spacer\"><\/div>\n<\/div>\n<\/div>\n\n\n\n<div style=\"height:40px\" aria-hidden=\"true\" class=\"wp-block-spacer\"><\/div>\n<\/div><\/div>\n<\/div><\/div>\n\n\n\n<div class=\"wp-block-cover alignfull\" style=\"min-height:300px;aspect-ratio:unset;\"><span aria-hidden=\"true\" class=\"wp-block-cover__background has-nv-c-2-background-color has-background-dim-100 has-background-dim\"><\/span><div class=\"wp-block-cover__inner-container is-layout-flow wp-block-cover-is-layout-flow\">\n<h2 class=\"wp-block-heading has-text-align-center has-nv-text-dark-bg-color has-text-color\">Venha estudar conosco!<\/h2>\n\n\n\n<p class=\"has-text-align-center has-medium-font-size\"><\/p>\n<\/div><\/div>\n\n\n\n<p><\/p>\n","protected":false},"excerpt":{"rendered":"<p>Cursos T\u00e9cnicos Gratuitos Nossos cursos s\u00e3o gratuitos e de qualidade! Somos refer\u00eancia na cidade e regi\u00e3o! Conhe\u00e7a as diversas \u00e1reas que atuamos e escolha o seu! Professores Especializados Nosso corpo docente \u00e9 formado por especialistas, mestres e doutores! Todos com grande experi\u00eancia e viv\u00eancia no ensino. Nossa Escola e o Mercado de Trabalho Temos diversas&hellip;&nbsp;<a href=\"http:\/\/eteccruzeiro.educacao.ws\/\" class=\"\" rel=\"bookmark\">Read More &raquo;<span class=\"screen-reader-text\">P\u00e1gina Inicial<\/span><\/a><\/p>\n","protected":false},"author":1,"featured_media":0,"parent":0,"menu_order":0,"comment_status":"closed","ping_status":"closed","template":"","meta":{"neve_meta_sidebar":"","neve_meta_container":"","neve_meta_enable_content_width":"on","neve_meta_content_width":100,"neve_meta_title_alignment":"","neve_meta_author_avatar":"","neve_post_elements_order":"","neve_meta_disable_header":"","neve_meta_disable_footer":"","neve_meta_disable_title":"on","footnotes":""},"class_list":["post-6","page","type-page","status-publish","hentry"],"_links":{"self":[{"href":"http:\/\/eteccruzeiro.educacao.ws\/index.php?rest_route=\/wp\/v2\/pages\/6","targetHints":{"allow":["GET"]}}],"collection":[{"href":"http:\/\/eteccruzeiro.educacao.ws\/index.php?rest_route=\/wp\/v2\/pages"}],"about":[{"href":"http:\/\/eteccruzeiro.educacao.ws\/index.php?rest_route=\/wp\/v2\/types\/page"}],"author":[{"embeddable":true,"href":"http:\/\/eteccruzeiro.educacao.ws\/index.php?rest_route=\/wp\/v2\/users\/1"}],"replies":[{"embeddable":true,"href":"http:\/\/eteccruzeiro.educacao.ws\/index.php?rest_route=%2Fwp%2Fv2%2Fcomments&post=6"}],"version-history":[{"count":21,"href":"http:\/\/eteccruzeiro.educacao.ws\/index.php?rest_route=\/wp\/v2\/pages\/6\/revisions"}],"predecessor-version":[{"id":98,"href":"http:\/\/eteccruzeiro.educacao.ws\/index.php?rest_route=\/wp\/v2\/pages\/6\/revisions\/98"}],"wp:attachment":[{"href":"http:\/\/eteccruzeiro.educacao.ws\/index.php?rest_route=%2Fwp%2Fv2%2Fmedia&parent=6"}],"curies":[{"name":"wp","href":"https:\/\/api.w.org\/{rel}","templated":true}]}}