{"id":7,"date":"2023-09-11T16:24:46","date_gmt":"2023-09-11T19:24:46","guid":{"rendered":"http:\/\/eteccruzeiro.educacao.ws\/?page_id=7"},"modified":"2023-11-21T18:09:53","modified_gmt":"2023-11-21T21:09:53","slug":"sobre","status":"publish","type":"page","link":"http:\/\/eteccruzeiro.educacao.ws\/?page_id=7","title":{"rendered":"Cursos"},"content":{"rendered":"\n<div class=\"wp-block-cover alignfull is-light\" style=\"min-height:300px;aspect-ratio:unset;\"><span aria-hidden=\"true\" class=\"wp-block-cover__background has-nv-site-bg-background-color has-background-dim-100 has-background-dim\"><\/span><div class=\"wp-block-cover__inner-container is-layout-flow wp-block-cover-is-layout-flow\">\n<div class=\"wp-block-group\"><div class=\"wp-block-group__inner-container is-layout-flow wp-block-group-is-layout-flow\">\n<h1 class=\"wp-block-heading has-text-align-left has-neve-text-color-color has-text-color\">Nossos Cursos<\/h1>\n<\/div><\/div>\n<\/div><\/div>\n\n\n\n<div class=\"wp-block-cover alignfull is-light\" style=\"min-height:600px;aspect-ratio:unset;\"><span aria-hidden=\"true\" class=\"wp-block-cover__background has-nv-light-bg-background-color has-background-dim-100 has-background-dim\"><\/span><div class=\"wp-block-cover__inner-container is-layout-flow wp-block-cover-is-layout-flow\">\n<div class=\"wp-block-group\"><div class=\"wp-block-group__inner-container is-layout-flow wp-block-group-is-layout-flow\">\n<div style=\"height:80px\" aria-hidden=\"true\" class=\"wp-block-spacer\"><\/div>\n\n\n\n<div class=\"wp-block-columns are-vertically-aligned-center is-layout-flex wp-container-core-columns-is-layout-9d6595d7 wp-block-columns-is-layout-flex\">\n<div class=\"wp-block-column is-vertically-aligned-center is-layout-flow wp-block-column-is-layout-flow\" style=\"flex-basis:50%\">\n<figure class=\"wp-block-image size-large\"><img loading=\"lazy\" decoding=\"async\" width=\"1024\" height=\"1024\" src=\"http:\/\/eteccruzeiro.educacao.ws\/wp-content\/uploads\/2023\/11\/conheca-1024x1024.png\" alt=\"\" class=\"wp-image-45\" srcset=\"http:\/\/eteccruzeiro.educacao.ws\/wp-content\/uploads\/2023\/11\/conheca-1024x1024.png 1024w, http:\/\/eteccruzeiro.educacao.ws\/wp-content\/uploads\/2023\/11\/conheca-300x300.png 300w, http:\/\/eteccruzeiro.educacao.ws\/wp-content\/uploads\/2023\/11\/conheca-150x150.png 150w, http:\/\/eteccruzeiro.educacao.ws\/wp-content\/uploads\/2023\/11\/conheca-768x768.png 768w, http:\/\/eteccruzeiro.educacao.ws\/wp-content\/uploads\/2023\/11\/conheca.png 1080w\" sizes=\"auto, (max-width: 1024px) 100vw, 1024px\" \/><\/figure>\n<\/div>\n\n\n\n<div class=\"wp-block-column is-vertically-aligned-center is-layout-flow wp-block-column-is-layout-flow\" style=\"flex-basis:50%\">\n<h2 class=\"wp-block-heading has-neve-text-color-color has-text-color\">Cursos<\/h2>\n\n\n\n<p>Com nossos cursos, atendemos diversos eixos tecnol\u00f3gicos como: Gest\u00e3o e Neg\u00f3cios, Informa\u00e7\u00e3o e Comunica\u00e7\u00e3o, Infraestrutura, Ambiente e Sa\u00fade, Controle e Processos Industriais, Turismo, Hospitalidade e Lazer. Conhe\u00e7a todos os nossos cursos!<\/p>\n<\/div>\n<\/div>\n\n\n\n<div style=\"height:40px\" aria-hidden=\"true\" class=\"wp-block-spacer\"><\/div>\n<\/div><\/div>\n<\/div><\/div>\n\n\n\n<figure class=\"wp-block-table\"><table><tbody><tr><td><strong>Curso<\/strong><\/td><td><strong>Modalidade<\/strong><\/td><td class=\"has-text-align-center\" data-align=\"center\"><strong>Dura\u00e7\u00e3o<\/strong><\/td><td><strong>Resumo<\/strong><\/td><\/tr><tr><td>Administra\u00e7\u00e3o<\/td><td>T\u00e9cnico Noturno &#8211; 20% online<\/td><td class=\"has-text-align-center\" data-align=\"center\">3 semestres<\/td><td>Como funcionam as organiza\u00e7\u00f5es, desde empresas privadas at\u00e9 ONGs, passando por \u00f3rg\u00e3os p\u00fablicos, com\u00e9rcio e ind\u00fastria. O estudante vai precisar de conhecimentos de l\u00edngua portuguesa, matem\u00e1tica, hist\u00f3ria e geografia para compreender os principais assuntos do curso, como hist\u00f3ria da administra\u00e7\u00e3o, evolu\u00e7\u00e3o das organiza\u00e7\u00f5es ao longo do tempo, contabilidade, leis que regulam o funcionamento das empresas e reda\u00e7\u00e3o de documentos.<br>O aluno vai aprender ainda a analisar as chances de um neg\u00f3cio ou produto ser bem-sucedido e o comportamento do consumidor. Estudar\u00e1 tamb\u00e9m t\u00e9cnicas de atendimento ao cliente, empreendedorismo (iniciativas para realizar novos neg\u00f3cios) e como uma organiza\u00e7\u00e3o planeja alcan\u00e7ar seus objetivos e define suas metas para o futuro.<\/td><\/tr><tr><td>Ci\u00eancias da Natureza e suas Tecnologias<\/td><td>Ensino M\u00e9dio<\/td><td class=\"has-text-align-center\" data-align=\"center\">3 anos<\/td><td>Esse itiner\u00e1rio formativo tem como foco o estudo dos efeitos das atividades humanas sobre os ecossistemas e a an\u00e1lise do meio ambiente e seus fatores f\u00edsicos, qu\u00edmicos, biol\u00f3gicos, econ\u00f4micos, sociais e culturais.<\/td><\/tr><tr><td>Desenho de Constru\u00e7\u00e3o Civil<\/td><td>T\u00e9cnico Noturno<\/td><td class=\"has-text-align-center\" data-align=\"center\">3 semestres<\/td><td>Desenvolve atividades relativas ao estudo do planejamento de projetos e de obras, sob a \u00f3ptica de aspectos t\u00e9cnico-econ\u00f4micos, socioambientais, urban\u00edsticos, hist\u00f3ricos e legais. Analisa projetos e define a metodologia de trabalho, dimensionando a equipe de desenhistas e determinando os prazos para de elabora\u00e7\u00e3o. Prepara or\u00e7amentos. Executa desenhos t\u00e9cnicos de projetos. Utiliza, no desenvolvimento de suas atividades, ferramentas gr\u00e1ficas tradicionais, computacionais e maquetes.<\/td><\/tr><tr><td>Desenvolvimento de Sistemas<\/td><td>Ensino M\u00e9dio Integral<\/td><td class=\"has-text-align-center\" data-align=\"center\">3 anos<\/td><td>\u00c9 o profissional que analisa e projeta sistemas. Constr\u00f3i, documenta, realiza testes e mant\u00e9m sistemas de informa\u00e7\u00e3o. Utiliza ambientes de desenvolvimento e linguagens de programa\u00e7\u00e3o espec\u00edfica. Modela, implementa e mant\u00e9m bancos de dados.<\/td><\/tr><tr><td>Edifica\u00e7\u00f5es<\/td><td>T\u00e9cnico Noturno<\/td><td class=\"has-text-align-center\" data-align=\"center\">3 Semestres<\/td><td>As principais disciplinas do curso s\u00e3o Desenho, para elabora\u00e7\u00e3o e desenvolvimento de projetos de engenharia e arquitetura, Tecnologia dos Materiais de Constru\u00e7\u00e3o, para selecionar e controlar a qualidade dos materiais, Tecnologia das Constru\u00e7\u00f5es, para supervisionar e aprimorar os processos de constru\u00e7\u00e3o, Planejamento e Controle das Obras, para assegurar o cumprimento dos prazos e custos. Entre outras disciplinas, o aluno utiliza Matem\u00e1tica, para calcular propor\u00e7\u00f5es, \u00e1reas e volumes, e Qu\u00edmica, para o aluno entender as propriedades dos materiais.<\/td><\/tr><tr><td>Edifica\u00e7\u00f5es<\/td><td>Ensino M\u00e9dio<\/td><td class=\"has-text-align-center\" data-align=\"center\">3 anos<\/td><td>As principais disciplinas do curso s\u00e3o Desenho, para elabora\u00e7\u00e3o e desenvolvimento de projetos de engenharia e arquitetura, Tecnologia dos Materiais de Constru\u00e7\u00e3o, para selecionar e controlar a qualidade dos materiais, Tecnologia das Constru\u00e7\u00f5es, para supervisionar e aprimorar os processos de constru\u00e7\u00e3o, Planejamento e Controle das Obras, para assegurar o cumprimento dos prazos e custos. Entre outras disciplinas, o aluno utiliza Matem\u00e1tica, para calcular propor\u00e7\u00f5es, \u00e1reas e volumes, e Qu\u00edmica, para o aluno entender as propriedades dos materiais.<\/td><\/tr><tr><td>Enfermagem<\/td><td>T\u00e9cnico Noturno<\/td><td class=\"has-text-align-center\" data-align=\"center\">2 anos<\/td><td>O aluno aprende t\u00e9cnicas para auxiliar na recupera\u00e7\u00e3o de um paciente, assim como a preven\u00e7\u00e3o de doen\u00e7as, orienta\u00e7\u00e3o para exames, entre outros procedimentos. O curso tem base na biologia, para aprender sobre o corpo humano; na matem\u00e1tica, para c\u00e1lculos de medida para medica\u00e7\u00f5es; na f\u00edsica, para entender os riscos que o paciente corre, como a velocidade de uma batida de um ve\u00edculo para entender os tipos de les\u00f5es poss\u00edveis, por exemplo; e portugu\u00eas, para escrever corretamente no prontu\u00e1rio do paciente.<\/td><\/tr><tr><td>Gastronomia<\/td><td>T\u00e9cnico Noturno<\/td><td class=\"has-text-align-center\" data-align=\"center\">1 ano<\/td><td>O conte\u00fado do curso tem foco nas t\u00e9cnicas de prepara\u00e7\u00e3o em uma cozinha. S\u00e3o no\u00e7\u00f5es que v\u00e3o desde aprender os m\u00e9todos de coc\u00e7\u00e3o (processo de aplica\u00e7\u00e3o de calor) e armazenamento de alimentos, at\u00e9 a execu\u00e7\u00e3o de cortes e hist\u00f3ria da gastronomia. A grade curricular inclui elementos b\u00e1sicos de f\u00edsica, biologia e qu\u00edmica para entender a base nutricional dos alimentos e como ocorrem as altera\u00e7\u00f5es nos alimentos quando se prepara um novo prato. Matem\u00e1tica \u00e9 importante para desenvolver fichas t\u00e9cnicas. O estudante tamb\u00e9m aprende temas espec\u00edficos dentro da \u00e1rea, como a panifica\u00e7\u00e3o e a confeitaria.<\/td><\/tr><tr><td>Inform\u00e1tica para Internet<\/td><td>T\u00e9cnico Noturno<\/td><td class=\"has-text-align-center\" data-align=\"center\">3 semestres<\/td><td>O processo de cria\u00e7\u00e3o de sites e o de desenvolvimento de programas que podem ser utilizados em p\u00e1ginas na internet. Para programar, o aluno vai estudar racioc\u00ednio l\u00f3gico e linguagens de programa\u00e7\u00e3o, que utiliza comandos para desenvolver funcionalidades e dar forma a um site. Al\u00e9m disso, o estudante aprender\u00e1 um pouco de design com o objetivo de tornar a p\u00e1gina mais agrad\u00e1vel e f\u00e1cil de ser utilizada. O aluno aprender\u00e1 ainda como criar e alterar bancos de dados que v\u00e3o alimentar os sites. No\u00e7\u00f5es de marketing digital para a web e de empreendedorismo tamb\u00e9m ser\u00e3o ensinadas ao longo do curso.<\/td><\/tr><tr><td>Log\u00edstica<\/td><td>Ensino M\u00e9dio<\/td><td class=\"has-text-align-center\" data-align=\"center\">3 anos<\/td><td>Log\u00edstica \u00e9 o planejamento do caminho feito por um produto ou servi\u00e7o at\u00e9 chegar ao cliente de forma organizada, r\u00e1pida e econ\u00f4mica. Para planejar esse caminho, o estudante vai precisar de conhecimentos de matem\u00e1tica, geografia e f\u00edsica. O aluno aprender\u00e1 sobre os processos de compra de mat\u00e9rias-primas, incluindo a escolha dos fornecedores, o registro dos pedidos de compra e o recebimento dos materiais adquiridos.<\/td><\/tr><tr><td>Marketing<\/td><td>Ensino M\u00e9dio<\/td><td class=\"has-text-align-center\" data-align=\"center\">3 anos<\/td><td>O estudante vai aprender que marketing \u00e9 mais do que publicidade. \u00c9 um processo que come\u00e7a por entender as necessidades do consumidor para desenvolver produtos, servi\u00e7os e ideias que ser\u00e3o comercializados. Para estudar esse assunto, o aluno vai precisar de conhecimentos de l\u00edngua portuguesa, geografia e matem\u00e1tica. O estudante vai aprender a definir o p\u00fablico-alvo de cada produto ou servi\u00e7o, assim como aprender\u00e1 a analisar esse processo de aproxima\u00e7\u00e3o e troca entre vendedores e compradores. O aluno estudar\u00e1, ainda, as formas de utilizar as ferramentas de comunica\u00e7\u00e3o, como publicidade, telemarketing, promo\u00e7\u00e3o de vendas etc. No curso, o estudante vai aprender tamb\u00e9m a criar logotipos, r\u00f3tulos e embalagens. Administra\u00e7\u00e3o de empresas, Legisla\u00e7\u00e3o (como o C\u00f3digo de Defesa do Consumidor) e Ingl\u00eas e Espanhol para leitura de textos completam a forma\u00e7\u00e3o t\u00e9cnica em Marketing.<\/td><\/tr><tr><td>Marketing<\/td><td>T\u00e9cnico Noturno<\/td><td class=\"has-text-align-center\" data-align=\"center\">3 semestres<\/td><td>O estudante vai aprender que marketing \u00e9 mais do que publicidade. \u00c9 um processo que come\u00e7a por entender as necessidades do consumidor para desenvolver produtos, servi\u00e7os e ideias que ser\u00e3o comercializados. Para estudar esse assunto, o aluno vai precisar de conhecimentos de l\u00edngua portuguesa, geografia e matem\u00e1tica. O estudante vai aprender a definir o p\u00fablico-alvo de cada produto ou servi\u00e7o, assim como aprender\u00e1 a analisar esse processo de aproxima\u00e7\u00e3o e troca entre vendedores e compradores. O aluno estudar\u00e1, ainda, as formas de utilizar as ferramentas de comunica\u00e7\u00e3o, como publicidade, telemarketing, promo\u00e7\u00e3o de vendas etc. No curso, o estudante vai aprender tamb\u00e9m a criar logotipos, r\u00f3tulos e embalagens. Administra\u00e7\u00e3o de empresas, Legisla\u00e7\u00e3o (como o C\u00f3digo de Defesa do Consumidor) e Ingl\u00eas e Espanhol para leitura de textos completam a forma\u00e7\u00e3o t\u00e9cnica em Marketing.<\/td><\/tr><tr><td>Mec\u00e2nica<\/td><td>Ensino M\u00e9dio Integral<\/td><td class=\"has-text-align-center\" data-align=\"center\">3 anos<\/td><td>O t\u00e9cnico em Mec\u00e2nica \u00e9 o profissional que elabora projetos mec\u00e2nicos e sistemas automatizados. Monta e instala m\u00e1quinas e equipamentos.<br>Planeja e realiza manuten\u00e7\u00e3o. Desenvolve processos de fabrica\u00e7\u00e3o e montagem de conjuntos mec\u00e2nicos. Elabora documenta\u00e7\u00e3o, realiza compras e vendas t\u00e9cnicas e cumpre normas e procedimentos de seguran\u00e7a no trabalho e preserva\u00e7\u00e3o ambiental.<\/td><\/tr><tr><td>Mec\u00e2nica<\/td><td>T\u00e9cnico Noturno<\/td><td class=\"has-text-align-center\" data-align=\"center\">3 semestres<\/td><td>O t\u00e9cnico em Mec\u00e2nica \u00e9 o profissional que elabora projetos mec\u00e2nicos e sistemas automatizados. Monta e instala m\u00e1quinas e equipamentos.<br>Planeja e realiza manuten\u00e7\u00e3o. Desenvolve processos de fabrica\u00e7\u00e3o e montagem de conjuntos mec\u00e2nicos. Elabora documenta\u00e7\u00e3o, realiza compras e vendas t\u00e9cnicas e cumpre normas e procedimentos de seguran\u00e7a no trabalho e preserva\u00e7\u00e3o ambiental.<\/td><\/tr><tr><td>Nutri\u00e7\u00e3o e Diet\u00e9tica<\/td><td>Ensino M\u00e9dio<\/td><td class=\"has-text-align-center\" data-align=\"center\">3 anos<\/td><td>O aluno aprender\u00e1 sobre os tipos de alimentos, o corpo humano e seu funcionamento. Estudar\u00e1 t\u00e9cnicas para orientar as pessoas com uma alimenta\u00e7\u00e3o equilibrada de acordo com os diferentes biotipos e rotinas. O curso tem base na qu\u00edmica e na biologia, para compreender a a\u00e7\u00e3o das calorias fornecidas pelos alimentos no organismo e seu processo de metabolismo no corpo humano, e matem\u00e1tica, para c\u00e1lculos no desenvolvimento de card\u00e1pios. O estudante tamb\u00e9m ter\u00e1 no\u00e7\u00f5es de gest\u00e3o de pessoas para aprender a liderar equipes.<\/td><\/tr><tr><td>Nutri\u00e7\u00e3o e Diet\u00e9tica<\/td><td>T\u00e9cnico Noturno &#8211; 20% online<\/td><td class=\"has-text-align-center\" data-align=\"center\">3 semestres<\/td><td>O aluno aprender\u00e1 sobre os tipos de alimentos, o corpo humano e seu funcionamento. Estudar\u00e1 t\u00e9cnicas para orientar as pessoas com uma alimenta\u00e7\u00e3o equilibrada de acordo com os diferentes biotipos e rotinas. O curso tem base na qu\u00edmica e na biologia, para compreender a a\u00e7\u00e3o das calorias fornecidas pelos alimentos no organismo e seu processo de metabolismo no corpo humano, e matem\u00e1tica, para c\u00e1lculos no desenvolvimento de card\u00e1pios. O estudante tamb\u00e9m ter\u00e1 no\u00e7\u00f5es de gest\u00e3o de pessoas para aprender a liderar equipes.<\/td><\/tr><\/tbody><\/table><\/figure>\n","protected":false},"excerpt":{"rendered":"<p>Curso Modalidade Dura\u00e7\u00e3o Resumo Administra\u00e7\u00e3o T\u00e9cnico Noturno &#8211; 20% online 3 semestres Como funcionam as organiza\u00e7\u00f5es, desde empresas privadas at\u00e9 ONGs, passando por \u00f3rg\u00e3os p\u00fablicos, com\u00e9rcio e ind\u00fastria. O estudante vai precisar de conhecimentos de l\u00edngua portuguesa, matem\u00e1tica, hist\u00f3ria e geografia para compreender os principais assuntos do curso, como hist\u00f3ria da administra\u00e7\u00e3o, evolu\u00e7\u00e3o das organiza\u00e7\u00f5es&hellip;&nbsp;<a href=\"http:\/\/eteccruzeiro.educacao.ws\/?page_id=7\" class=\"\" rel=\"bookmark\">Read More &raquo;<span class=\"screen-reader-text\">Cursos<\/span><\/a><\/p>\n","protected":false},"author":1,"featured_media":0,"parent":0,"menu_order":0,"comment_status":"closed","ping_status":"closed","template":"","meta":{"neve_meta_sidebar":"","neve_meta_container":"","neve_meta_enable_content_width":"on","neve_meta_content_width":100,"neve_meta_title_alignment":"","neve_meta_author_avatar":"","neve_post_elements_order":"","neve_meta_disable_header":"","neve_meta_disable_footer":"","neve_meta_disable_title":"on","footnotes":""},"class_list":["post-7","page","type-page","status-publish","hentry"],"_links":{"self":[{"href":"http:\/\/eteccruzeiro.educacao.ws\/index.php?rest_route=\/wp\/v2\/pages\/7","targetHints":{"allow":["GET"]}}],"collection":[{"href":"http:\/\/eteccruzeiro.educacao.ws\/index.php?rest_route=\/wp\/v2\/pages"}],"about":[{"href":"http:\/\/eteccruzeiro.educacao.ws\/index.php?rest_route=\/wp\/v2\/types\/page"}],"author":[{"embeddable":true,"href":"http:\/\/eteccruzeiro.educacao.ws\/index.php?rest_route=\/wp\/v2\/users\/1"}],"replies":[{"embeddable":true,"href":"http:\/\/eteccruzeiro.educacao.ws\/index.php?rest_route=%2Fwp%2Fv2%2Fcomments&post=7"}],"version-history":[{"count":7,"href":"http:\/\/eteccruzeiro.educacao.ws\/index.php?rest_route=\/wp\/v2\/pages\/7\/revisions"}],"predecessor-version":[{"id":59,"href":"http:\/\/eteccruzeiro.educacao.ws\/index.php?rest_route=\/wp\/v2\/pages\/7\/revisions\/59"}],"wp:attachment":[{"href":"http:\/\/eteccruzeiro.educacao.ws\/index.php?rest_route=%2Fwp%2Fv2%2Fmedia&parent=7"}],"curies":[{"name":"wp","href":"https:\/\/api.w.org\/{rel}","templated":true}]}}