{"id":9,"date":"2023-09-11T16:24:46","date_gmt":"2023-09-11T19:24:46","guid":{"rendered":"http:\/\/eteccruzeiro.educacao.ws\/?page_id=9"},"modified":"2024-08-19T09:57:18","modified_gmt":"2024-08-19T12:57:18","slug":"portofolio","status":"publish","type":"page","link":"http:\/\/eteccruzeiro.educacao.ws\/?page_id=9","title":{"rendered":"sobre"},"content":{"rendered":"\n<div class=\"wp-block-cover alignfull is-light\" style=\"min-height:300px;aspect-ratio:unset;\"><span aria-hidden=\"true\" class=\"wp-block-cover__background has-nv-site-bg-background-color has-background-dim-100 has-background-dim\"><\/span><div class=\"wp-block-cover__inner-container is-layout-flow wp-block-cover-is-layout-flow\">\n<div class=\"wp-block-group\"><div class=\"wp-block-group__inner-container is-layout-flow wp-block-group-is-layout-flow\">\n<h1 class=\"wp-block-heading has-text-align-left has-neve-text-color-color has-text-color\">Sobre a Etec<\/h1>\n\n\n\n<p>A ETEC Professor Jos\u00e9 Sant\u2019Ana de Castro, localizada na cidade de Cruzeiro, foi criada e instalada pelo Decreto Estadual n. 51.334 de 29 de janeiro de 1969. A princ\u00edpio, funcionavam no mesmo pr\u00e9dio o Gin\u00e1sio Estadual Professor Jos\u00e9 Sant\u2019Ana de Castro e o Gin\u00e1sio Estadual de Cruzeiro, os quais ofereciam ensino de 5\u00aa a 8\u00aa s\u00e9ries do Ensino Fundamental. Pelo Decreto n. 5.772 de 4 de mar\u00e7o de 1975 \u2013 D.O.E. de 5 de mar\u00e7o de 1975, houve a fus\u00e3o dos Gin\u00e1sios e a Escola passou a denominar-se EEPG Prof. Jos\u00e9 Sant\u2019Ana de Castro, com autoriza\u00e7\u00e3o de funcionamento das habilita\u00e7\u00f5es: T\u00e9cnico em Mec\u00e2nica e Auxiliar T\u00e9cnico em Mec\u00e2nica, em n\u00edvel de 2\u00ba Grau sob a jurisdi\u00e7\u00e3o da Coordenadoria do Ensino T\u00e9cnico da Secretaria de Educa\u00e7\u00e3o do Estado de S\u00e3o Paulo. A partir de 1976, com denomina\u00e7\u00e3o de Escola Estadual de 2\u00ba Grau Prof. Jos\u00e9 Sant\u2019Ana de Castro, continuou a oferecer o 1\u00ba Grau com a determina\u00e7\u00e3o de extin\u00e7\u00e3o, mais os seguintes cursos: Ensino M\u00e9dio, Colegial de Professor Prim\u00e1rio e Habilita\u00e7\u00f5es Profissionais: Redator Auxiliar, T\u00e9cnico em Enfermagem e T\u00e9cnico em Mec\u00e2nica.<\/p>\n\n\n\n<p>Identificada com os cursos profissionalizantes, a Escola, pelo Decreto n. 23.544 de 11 de junho de 1985, passou para jurisdi\u00e7\u00e3o da divis\u00e3o de apoio \u00e0s Escolas T\u00e9cnicas Estaduais, ainda da Secretaria da Educa\u00e7\u00e3o, e foram criados os cursos pr\u00e9-profissionalizantes de Tornearia Mec\u00e2nica, Ajustagem Mec\u00e2nica, Solda El\u00e9trica e MIG. Em 1992, vinculou-se \u00e0 Secretaria da Ci\u00eancia, Tecnologia e Desenvolvimento Econ\u00f4mico; e, em 1994, pelo Decreto n. 37.375 de 27 de outubro de 1993 foi transferida para o Centro Estadual de Educa\u00e7\u00e3o Tecnol\u00f3gica Paula Souza.<\/p>\n\n\n\n<p>Desde 1998 oferecendo o Ensino T\u00e9cnico desvinculado do Ensino M\u00e9dio, nos termos da Lei de Diretrizes e Bases da Educa\u00e7\u00e3o n\u00ba 9.394 de 20 de dezembro de 1996 e Decreto Federal 5.154 de 23 de julho de 2004, a ETEC Professor Jos\u00e9 Sant\u2019Ana de Castro obteve um aumento da demanda, representada por uma clientela matriculada na 2\u00aa ou 3\u00aa s\u00e9rie do Ensino M\u00e9dio ou com Ensino M\u00e9dio completo, interessada na forma\u00e7\u00e3o t\u00e9cnica, sustentada pelo \u00edndice de crescimento comercial, industrial, tecnol\u00f3gico e de servi\u00e7os da regi\u00e3o.&nbsp;Em janeiro de 2019 a ETEC Professor Jos\u00e9 Sant&#8217;Ana de Castro completou 50 anos de atividades escolares no munic\u00edpio, tendo formado milhares de profissionais para o mercado de trabalho at\u00e9 ent\u00e3o.<\/p>\n\n\n\n<p>A escola localiza-se em Cruzeiro, uma das cidades do Vale do Para\u00edba, no eixo Rio de Janeiro, S\u00e3o Paulo e Minas Gerais. Est\u00e1 pr\u00f3xima ao Vale Hist\u00f3rico (encravado entre as Serras da Mantiqueira e da Bocaina), que compreende as&nbsp;cidades&nbsp;de Bananal, Arape\u00ed, S\u00e3o Jos\u00e9 do Barreiro, Areias, Queluz e Silveiras;&nbsp;perto de Lavrinhas, Cachoeira Paulista, Piquete, Lorena, Guaratinguet\u00e1 e Aparecida (Estado de S\u00e3o Paulo); Passa Quatro, Itanhandu, e Pouso Alto (Estado de Minas Gerais); Itatiaia e Resende (Estado do Rio de Janeiro); recebendo alunos de todos esses munic\u00edpios. Possui estradas que a interligam \u00e0 Rodovia Presidente Dutra para acesso ao Rio de Janeiro e S\u00e3o Paulo; e a Rodovia Dr. Avelino J\u00fanior permite o acesso ao Estado de Minas Gerais. \u00c9 uma regi\u00e3o onde v\u00e1rios setores econ\u00f4micos t\u00eam representatividade, destacando-se as \u00e1reas da ind\u00fastria, com\u00e9rcio, sa\u00fade, turismo e hospitalidade, inform\u00e1tica e meio ambiente.<\/p>\n\n\n\n<p>Atualmente, a escola oferece os seguintes cursos:<\/p>\n\n\n\n<p>&#8211;\u00a0\u00a0Ensino M\u00e9dio \/\u00a0<strong>Mtec PI<\/strong>\u00a0com Habilita\u00e7\u00e3o T\u00e9cnica Profissional em Mec\u00e2nica e\u00a0<strong>Mtec PI<\/strong>\u00a0 com Habilita\u00e7\u00e3o T\u00e9cnica Profissional em Desenvolvimento de Sistemas, ambos em\u00a0<strong>per\u00edodo integral<\/strong>;<\/p>\n\n\n\n<p>&#8211;\u00a0\u00a0Novotec Integrado \/\u00a0<strong>Mtec<\/strong>\u00a0\u2013 Ensino M\u00e9dio com Habilita\u00e7\u00e3o T\u00e9cnica Profissional em Log\u00edstica, Marketing, Edifica\u00e7\u00f5es (uma turma de 2\u00aa s\u00e9rie), e Nutri\u00e7\u00e3o e Diet\u00e9tica (uma turma de 1\u00aa s\u00e9rie e uma turma de 3\u00aa s\u00e9rie), todas no per\u00edodo diurno;<\/p>\n\n\n\n<p>&#8211;\u00a0\u00a0\u00a0<strong>Ensino M\u00e9dio com Itiner\u00e1rio Formativo<\/strong>\u00a0em Ci\u00eancias Biol\u00f3gicas, Agr\u00e1rias e da Sa\u00fade (uma turma de 3\u00aa s\u00e9rie); Ensino M\u00e9dio com Itiner\u00e1rio Formativo em\u00a0<strong>Ci\u00eancias da Natureza e suas Tecnologias<\/strong>\u00a0(uma turma de 1\u00aa e uma turma de 2\u00aa s\u00e9rie);<\/p>\n\n\n\n<p>&#8211;\u00a0\u00a0\u00a0<strong>Ensino M\u00e9dio<\/strong>\u00a0<strong>Intercomplementar\u00a0<\/strong>com Habilita\u00e7\u00e3o Profissional de T\u00e9cnico em Inform\u00e1tica para a Internet, em parceria com a SEDUC, na Escola Estadual Hilda Rocha (uma turma de 3\u00aa s\u00e9rie);<\/p>\n\n\n\n<p>&#8211;\u00a0\u00a0<strong>Cursos T\u00e9cnicos modulares\u00a0<\/strong>em: Administra\u00e7\u00e3o, Edifica\u00e7\u00f5es, Enfermagem,\u00a0Gastronomia, Inform\u00e1tica para Internet, Marketing, Mec\u00e2nica, Nutri\u00e7\u00e3o e Diet\u00e9tica e, como novo curso em 2024, o T\u00e9cnico em Desenho da Constru\u00e7\u00e3o Civil. Todos os cursos modulares s\u00e3o ofertados no per\u00edodo noturno.\u00a0\u00a0<\/p>\n\n\n\n<p>Algumas datas importantes da nossa escola na \u00faltima d\u00e9cada:<\/p>\n\n\n\n<p>2012 &#8211; In\u00edcio do antigo Etim, com ensino integral em nossa unidade.<\/p>\n\n\n\n<p>2016 &#8211; A escola recebeu um importante evento de empreendedorismo do munic\u00edpio, atraindo boa parte da popula\u00e7\u00e3o da cidade e regi\u00e3o e fortificando nossa estrutura e nossos cursos.<\/p>\n\n\n\n<p>2020 &#8211; Os primeiros cursos no formato Mtec iniciam na escola (Marketing, Log\u00edstica e Edifica\u00e7\u00f5es).<\/p>\n\n\n\n<p>2021 &#8211; In\u00edcio do programa de efici\u00eancia energ\u00e9tica em nossa unidade, na qual recebemos in\u00fameras placas solares, gerando energia para o pr\u00f3prio consumo.<\/p>\n\n\n\n<p>2021 &#8211; Ocorre a 1\u00aa edi\u00e7\u00e3o do evento Startec, voltado para o fomento de cria\u00e7\u00e3o de Startups e empreendedorismo no ambiente da Etec.<\/p>\n\n\n\n<p>2022 &#8211; A escola volta a receber um curso no eixo de Turismo, no caso o curso de Gastronomia. Al\u00e9m disso, iniciamos tamb\u00e9m com Inform\u00e1tica para Internet no modular e Nutri\u00e7\u00e3o e Diet\u00e9tica come\u00e7a a atender o p\u00fablico do ensino m\u00e9dio no formato Mtec.<\/p>\n\n\n\n<p>2022 &#8211; Ap\u00f3s alguns anos de pausa por conta da pandemia, a tradicional EXPOTIN retorna para sua edi\u00e7\u00e3o no ano de 2022. O evento foi realizado em dois dias e foi bem visitado por Cruzeiro e regi\u00e3o. Contou com in\u00fameros projetos dos cursos e novamente foi um sucesso!<\/p>\n\n\n\n<p>2023 &#8211; A 2\u00aa edi\u00e7\u00e3o do evento Startec trouxe in\u00fameros projetos que foram apresentados brilhantemente pelos alunos, al\u00e9m de duas palestras important\u00edssimas sobre empreendedorismo e tamb\u00e9m o lan\u00e7amento do programa de Voluntariado iniciado na escola.<\/p>\n\n\n\n<p>&nbsp; &nbsp; &nbsp; &nbsp; Vale lembrar que a&nbsp;Etec Professor Jos\u00e9 Sant\u2019Ana de Castro tamb\u00e9m est\u00e1 ass\u00eddua nas redes sociais F<em>acebook&nbsp;<\/em>e&nbsp;<em>Instagram<\/em>, nas quais s\u00e3o postadas frequentemente as atividades realizadas, eventos e informa\u00e7\u00f5es gerais importantes para toda a comunidade. Iniciamos tamb\u00e9m em 2023 o canal oficial do Youtube, que contar\u00e1 em breve com programas peri\u00f3dicos e transmiss\u00f5es ao vivo.<\/p>\n\n\n\n<p>&nbsp; &nbsp; &nbsp; &nbsp;Para o ano de 2024, est\u00e3o previstas diversas atividades de integra\u00e7\u00e3o e desenvolvimento de compet\u00eancias da educa\u00e7\u00e3o b\u00e1sica, compet\u00eancias t\u00e9cnicas, profissionais e socioemocionais; visando a qualidade da educa\u00e7\u00e3o e um bom conv\u00edvio no ambiente escolar. Al\u00e9m disso, ocorrer\u00e1 novamente a Expotin 2024 com diversos projetos dos nossos cursos.<\/p>\n<\/div><\/div>\n<\/div><\/div>\n\n\n\n<div class=\"wp-block-cover alignfull is-light\" style=\"min-height:600px;aspect-ratio:unset;\"><span aria-hidden=\"true\" class=\"wp-block-cover__background has-nv-light-bg-background-color has-background-dim-100 has-background-dim\"><\/span><div class=\"wp-block-cover__inner-container is-layout-flow wp-block-cover-is-layout-flow\">\n<div class=\"wp-block-group\"><div class=\"wp-block-group__inner-container is-layout-flow wp-block-group-is-layout-flow\">\n<div style=\"height:80px\" aria-hidden=\"true\" class=\"wp-block-spacer\"><\/div>\n\n\n\n<div class=\"wp-block-columns are-vertically-aligned-center is-layout-flex wp-container-core-columns-is-layout-9d6595d7 wp-block-columns-is-layout-flex\">\n<div class=\"wp-block-column is-vertically-aligned-center is-layout-flow wp-block-column-is-layout-flow\" style=\"flex-basis:50%\">\n<figure class=\"wp-block-image size-full\"><img loading=\"lazy\" decoding=\"async\" width=\"940\" height=\"788\" src=\"http:\/\/eteccruzeiro.educacao.ws\/wp-content\/uploads\/2024\/08\/espaco-5.png\" alt=\"\" class=\"wp-image-88\" srcset=\"http:\/\/eteccruzeiro.educacao.ws\/wp-content\/uploads\/2024\/08\/espaco-5.png 940w, http:\/\/eteccruzeiro.educacao.ws\/wp-content\/uploads\/2024\/08\/espaco-5-300x251.png 300w, http:\/\/eteccruzeiro.educacao.ws\/wp-content\/uploads\/2024\/08\/espaco-5-768x644.png 768w\" sizes=\"auto, (max-width: 940px) 100vw, 940px\" \/><\/figure>\n\n\n\n<div style=\"height:24px\" aria-hidden=\"true\" class=\"wp-block-spacer\"><\/div>\n\n\n\n<h3 class=\"wp-block-heading has-text-align-center has-neve-text-color-color has-text-color\">Nova Fachada<\/h3>\n\n\n\n<p class=\"has-text-align-center has-neve-text-color-color has-text-color\">Valorizando ainda mais nossa identidade visual e trazendo modernidade para nossa escola! Que todos nossos alunos e funcion\u00e1rios se sintam acolhidos por nossa Etec!<\/p>\n\n\n\n<div style=\"height:40px\" aria-hidden=\"true\" class=\"wp-block-spacer\"><\/div>\n<\/div>\n\n\n\n<div class=\"wp-block-column is-vertically-aligned-center is-layout-flow wp-block-column-is-layout-flow\" style=\"flex-basis:50%\">\n<figure class=\"wp-block-image size-full\"><img loading=\"lazy\" decoding=\"async\" width=\"940\" height=\"788\" src=\"http:\/\/eteccruzeiro.educacao.ws\/wp-content\/uploads\/2024\/08\/espaco-7.png\" alt=\"\" class=\"wp-image-91\" srcset=\"http:\/\/eteccruzeiro.educacao.ws\/wp-content\/uploads\/2024\/08\/espaco-7.png 940w, http:\/\/eteccruzeiro.educacao.ws\/wp-content\/uploads\/2024\/08\/espaco-7-300x251.png 300w, http:\/\/eteccruzeiro.educacao.ws\/wp-content\/uploads\/2024\/08\/espaco-7-768x644.png 768w\" sizes=\"auto, (max-width: 940px) 100vw, 940px\" \/><\/figure>\n\n\n\n<div style=\"height:24px\" aria-hidden=\"true\" class=\"wp-block-spacer\"><\/div>\n\n\n\n<h3 class=\"wp-block-heading has-text-align-center has-neve-text-color-color has-text-color\">Natureza<\/h3>\n\n\n\n<p class=\"has-text-align-center has-neve-text-color-color has-text-color\">Nossa Etec \u00e9 conhecida pela beleza que a natureza \u00e0 sua volta tr\u00e1s. Cuidamos e valorizamos esse ambiente para criarmos uma escola cada vez mais agrad\u00e1vel.<\/p>\n\n\n\n<div style=\"height:40px\" aria-hidden=\"true\" class=\"wp-block-spacer\"><\/div>\n<\/div>\n<\/div>\n\n\n\n<div style=\"height:40px\" aria-hidden=\"true\" class=\"wp-block-spacer\"><\/div>\n<\/div><\/div>\n<\/div><\/div>\n\n\n\n<div class=\"wp-block-cover alignfull is-light\" style=\"min-height:600px;aspect-ratio:unset;\"><span aria-hidden=\"true\" class=\"wp-block-cover__background has-nv-site-bg-background-color has-background-dim-100 has-background-dim\"><\/span><div class=\"wp-block-cover__inner-container is-layout-flow wp-block-cover-is-layout-flow\">\n<div class=\"wp-block-group\"><div class=\"wp-block-group__inner-container is-layout-flow wp-block-group-is-layout-flow\">\n<div style=\"height:80px\" aria-hidden=\"true\" class=\"wp-block-spacer\"><\/div>\n\n\n\n<div class=\"wp-block-columns are-vertically-aligned-center is-layout-flex wp-container-core-columns-is-layout-9d6595d7 wp-block-columns-is-layout-flex\">\n<div class=\"wp-block-column is-vertically-aligned-center is-layout-flow wp-block-column-is-layout-flow\" style=\"flex-basis:50%\">\n<figure class=\"wp-block-image size-full\"><img loading=\"lazy\" decoding=\"async\" width=\"940\" height=\"788\" src=\"http:\/\/eteccruzeiro.educacao.ws\/wp-content\/uploads\/2024\/08\/espacoLeituraBiblioteca2.png\" alt=\"\" class=\"wp-image-87\" srcset=\"http:\/\/eteccruzeiro.educacao.ws\/wp-content\/uploads\/2024\/08\/espacoLeituraBiblioteca2.png 940w, http:\/\/eteccruzeiro.educacao.ws\/wp-content\/uploads\/2024\/08\/espacoLeituraBiblioteca2-300x251.png 300w, http:\/\/eteccruzeiro.educacao.ws\/wp-content\/uploads\/2024\/08\/espacoLeituraBiblioteca2-768x644.png 768w\" sizes=\"auto, (max-width: 940px) 100vw, 940px\" \/><\/figure>\n\n\n\n<div style=\"height:24px\" aria-hidden=\"true\" class=\"wp-block-spacer\"><\/div>\n\n\n\n<h3 class=\"wp-block-heading has-text-align-center has-neve-text-color-color has-text-color\">Nossa Biblioteca<\/h3>\n\n\n\n<p class=\"has-text-align-center has-neve-text-color-color has-text-color\">Um dos locais preferidos dos nossos alunos, n\u00e3o s\u00f3 pela busca por conhecimento e entretenimento, mas tamb\u00e9m de grande rela\u00e7\u00e3o interpessoal.<\/p>\n\n\n\n<div style=\"height:40px\" aria-hidden=\"true\" class=\"wp-block-spacer\"><\/div>\n<\/div>\n\n\n\n<div class=\"wp-block-column is-vertically-aligned-center is-layout-flow wp-block-column-is-layout-flow\" style=\"flex-basis:50%\">\n<figure class=\"wp-block-image size-full\"><img loading=\"lazy\" decoding=\"async\" width=\"940\" height=\"788\" src=\"http:\/\/eteccruzeiro.educacao.ws\/wp-content\/uploads\/2024\/08\/espaco-6.png\" alt=\"\" class=\"wp-image-89\" srcset=\"http:\/\/eteccruzeiro.educacao.ws\/wp-content\/uploads\/2024\/08\/espaco-6.png 940w, http:\/\/eteccruzeiro.educacao.ws\/wp-content\/uploads\/2024\/08\/espaco-6-300x251.png 300w, http:\/\/eteccruzeiro.educacao.ws\/wp-content\/uploads\/2024\/08\/espaco-6-768x644.png 768w\" sizes=\"auto, (max-width: 940px) 100vw, 940px\" \/><\/figure>\n\n\n\n<div style=\"height:24px\" aria-hidden=\"true\" class=\"wp-block-spacer\"><\/div>\n\n\n\n<h3 class=\"wp-block-heading has-text-align-center has-neve-text-color-color has-text-color\">Sala Maker<\/h3>\n\n\n\n<p class=\"has-text-align-center has-neve-text-color-color has-text-color\">Nossa Sala Maker proporciona experi\u00eancia \u00fanica para os nossos alunos, aproximando-os cada vez mais do desenvolvimento de projetos. Uma sala diferenciada em nossa escola!<\/p>\n\n\n\n<div style=\"height:40px\" aria-hidden=\"true\" class=\"wp-block-spacer\"><\/div>\n<\/div>\n<\/div>\n\n\n\n<div style=\"height:40px\" aria-hidden=\"true\" class=\"wp-block-spacer\"><\/div>\n<\/div><\/div>\n<\/div><\/div>\n\n\n\n<div class=\"wp-block-cover alignfull is-light\" style=\"min-height:300px;aspect-ratio:unset;\"><span aria-hidden=\"true\" class=\"wp-block-cover__background has-nv-dark-bg-background-color has-background-dim-100 has-background-dim\"><\/span><div class=\"wp-block-cover__inner-container is-layout-flow wp-block-cover-is-layout-flow\">\n<div style=\"height:80px\" aria-hidden=\"true\" class=\"wp-block-spacer\"><\/div>\n\n\n\n<div style=\"height:24px\" aria-hidden=\"true\" class=\"wp-block-spacer\"><\/div>\n\n\n\n<p class=\"has-text-align-center has-nv-text-dark-bg-color has-text-color\" style=\"font-size:14px\"><\/p>\n\n\n\n<div style=\"height:80px\" aria-hidden=\"true\" class=\"wp-block-spacer\"><\/div>\n<\/div><\/div>\n","protected":false},"excerpt":{"rendered":"","protected":false},"author":1,"featured_media":0,"parent":0,"menu_order":0,"comment_status":"closed","ping_status":"closed","template":"","meta":{"neve_meta_sidebar":"","neve_meta_container":"","neve_meta_enable_content_width":"on","neve_meta_content_width":100,"neve_meta_title_alignment":"","neve_meta_author_avatar":"","neve_post_elements_order":"","neve_meta_disable_header":"","neve_meta_disable_footer":"","neve_meta_disable_title":"on","footnotes":""},"class_list":["post-9","page","type-page","status-publish","hentry"],"_links":{"self":[{"href":"http:\/\/eteccruzeiro.educacao.ws\/index.php?rest_route=\/wp\/v2\/pages\/9","targetHints":{"allow":["GET"]}}],"collection":[{"href":"http:\/\/eteccruzeiro.educacao.ws\/index.php?rest_route=\/wp\/v2\/pages"}],"about":[{"href":"http:\/\/eteccruzeiro.educacao.ws\/index.php?rest_route=\/wp\/v2\/types\/page"}],"author":[{"embeddable":true,"href":"http:\/\/eteccruzeiro.educacao.ws\/index.php?rest_route=\/wp\/v2\/users\/1"}],"replies":[{"embeddable":true,"href":"http:\/\/eteccruzeiro.educacao.ws\/index.php?rest_route=%2Fwp%2Fv2%2Fcomments&post=9"}],"version-history":[{"count":5,"href":"http:\/\/eteccruzeiro.educacao.ws\/index.php?rest_route=\/wp\/v2\/pages\/9\/revisions"}],"predecessor-version":[{"id":94,"href":"http:\/\/eteccruzeiro.educacao.ws\/index.php?rest_route=\/wp\/v2\/pages\/9\/revisions\/94"}],"wp:attachment":[{"href":"http:\/\/eteccruzeiro.educacao.ws\/index.php?rest_route=%2Fwp%2Fv2%2Fmedia&parent=9"}],"curies":[{"name":"wp","href":"https:\/\/api.w.org\/{rel}","templated":true}]}}